{"id":231,"date":"2019-11-17T22:50:18","date_gmt":"2019-11-18T03:50:18","guid":{"rendered":"https:\/\/bolo.cplepage.com\/?page_id=231"},"modified":"2025-02-06T10:56:34","modified_gmt":"2025-02-06T15:56:34","slug":"most-wanted","status":"publish","type":"page","link":"https:\/\/programmebolo.org\/fr\/","title":{"rendered":"Suspects recherch\u00e9s"},"content":{"rendered":"\n<style>\n@media only screen and (max-width: 450px) {\n  h1 {\n    font-size: 47px;\n  }\n}\n<\/style>\n\n\n\n<h1 class=\"wp-block-heading has-text-align-center\">LES 25 FUGITIFS LES PLUS RECHERCH\u00c9S AU CANADA<\/h1>\n\n\n\n<p class=\"has-text-align-center\">Le Programme Bolo est une initiative sans pr\u00e9c\u00e9dent qui tire parti des r\u00e9seaux sociaux, de la technologie et de nouveaux types d\u2019engagement pour encourager les citoyens comme vous \u00e0 garder l\u2019\u0153il ouvert pour les suspects les plus recherch\u00e9s au Canada.&nbsp;<a href=\"https:\/\/boloprogram.org\/fr\/notre-role\">Plus d\u2019infos<\/a><\/p>\n\n\n\n<p class=\"has-text-align-center\"><strong>***Toutes les r\u00e9compenses du Programme Bolo sont en dollars canadiens (CAD).***<\/strong><\/p>\n\n\n","protected":false},"excerpt":{"rendered":"<p>LES 25 FUGITIFS LES PLUS RECHERCH\u00c9S AU CANADA Le Programme Bolo est une initiative sans pr\u00e9c\u00e9dent qui tire parti des r\u00e9seaux sociaux, de la technologie et de nouveaux types d\u2019engagement pour encourager les citoyens comme vous \u00e0 garder l\u2019\u0153il ouvert pour les suspects les plus recherch\u00e9s au Canada.&nbsp;Plus d\u2019infos ***Toutes les r\u00e9compenses du Programme Bolo [&hellip;]<\/p>\n","protected":false},"author":1,"featured_media":0,"parent":0,"menu_order":0,"comment_status":"closed","ping_status":"closed","template":"","meta":{"_acf_changed":false,"footnotes":""},"class_list":["post-231","page","type-page","status-publish","hentry"],"acf":[],"yoast_head":"<!-- This site is optimized with the Yoast SEO Premium plugin v26.1 (Yoast SEO v27.2) - https:\/\/yoast.com\/product\/yoast-seo-premium-wordpress\/ -->\n<title>Suspects recherch\u00e9s - Programme Bolo<\/title>\n<meta name=\"robots\" content=\"index, follow, max-snippet:-1, max-image-preview:large, max-video-preview:-1\" \/>\n<link rel=\"canonical\" href=\"https:\/\/www.boloprogram.org\/fr\/\" \/>\n<meta property=\"og:locale\" content=\"fr_FR\" \/>\n<meta property=\"og:type\" content=\"article\" \/>\n<meta property=\"og:title\" content=\"Suspects recherch\u00e9s\" \/>\n<meta property=\"og:description\" content=\"LES 25 FUGITIFS LES PLUS RECHERCH\u00c9S AU CANADA Le Programme Bolo est une initiative sans pr\u00e9c\u00e9dent qui tire parti des r\u00e9seaux sociaux, de la technologie et de nouveaux types d\u2019engagement pour encourager les citoyens comme vous \u00e0 garder l\u2019\u0153il ouvert pour les suspects les plus recherch\u00e9s au Canada.&nbsp;Plus d\u2019infos ***Toutes les r\u00e9compenses du Programme Bolo [&hellip;]\" \/>\n<meta property=\"og:url\" content=\"https:\/\/www.boloprogram.org\/fr\/\" \/>\n<meta property=\"og:site_name\" content=\"Bolo Program\" \/>\n<meta property=\"article:publisher\" content=\"https:\/\/www.facebook.com\/Boloprogram\/\" \/>\n<meta property=\"article:modified_time\" content=\"2025-02-06T15:56:34+00:00\" \/>\n<meta name=\"twitter:card\" content=\"summary_large_image\" \/>\n<meta name=\"twitter:site\" content=\"@boloprogram\" \/>\n<script type=\"application\/ld+json\" class=\"yoast-schema-graph\">{\"@context\":\"https:\/\/schema.org\",\"@graph\":[{\"@type\":\"WebPage\",\"@id\":\"https:\/\/www.boloprogram.org\/fr\/\",\"url\":\"https:\/\/www.boloprogram.org\/fr\/\",\"name\":\"Suspects recherch\u00e9s - Programme Bolo\",\"isPartOf\":{\"@id\":\"https:\/\/www.boloprogram.org\/#website\"},\"datePublished\":\"2019-11-18T03:50:18+00:00\",\"dateModified\":\"2025-02-06T15:56:34+00:00\",\"breadcrumb\":{\"@id\":\"https:\/\/www.boloprogram.org\/fr\/#breadcrumb\"},\"inLanguage\":\"fr-FR\",\"potentialAction\":[{\"@type\":\"ReadAction\",\"target\":[\"https:\/\/www.boloprogram.org\/fr\/\"]}]},{\"@type\":\"BreadcrumbList\",\"@id\":\"https:\/\/www.boloprogram.org\/fr\/#breadcrumb\",\"itemListElement\":[{\"@type\":\"ListItem\",\"position\":1,\"name\":\"Home\",\"item\":\"https:\/\/www.boloprogram.org\/fr\/\"},{\"@type\":\"ListItem\",\"position\":2,\"name\":\"Suspects recherch\u00e9s\"}]},{\"@type\":\"WebSite\",\"@id\":\"https:\/\/www.boloprogram.org\/#website\",\"url\":\"https:\/\/www.boloprogram.org\/\",\"name\":\"Bolo Program\",\"description\":\"Finding Canada&#039;s Most Wanted\",\"publisher\":{\"@id\":\"https:\/\/www.boloprogram.org\/#organization\"},\"potentialAction\":[{\"@type\":\"SearchAction\",\"target\":{\"@type\":\"EntryPoint\",\"urlTemplate\":\"https:\/\/www.boloprogram.org\/?s={search_term_string}\"},\"query-input\":{\"@type\":\"PropertyValueSpecification\",\"valueRequired\":true,\"valueName\":\"search_term_string\"}}],\"inLanguage\":\"fr-FR\"},{\"@type\":\"Organization\",\"@id\":\"https:\/\/www.boloprogram.org\/#organization\",\"name\":\"Bolo Program\",\"url\":\"https:\/\/www.boloprogram.org\/\",\"logo\":{\"@type\":\"ImageObject\",\"inLanguage\":\"fr-FR\",\"@id\":\"https:\/\/www.boloprogram.org\/#\/schema\/logo\/image\/\",\"url\":\"https:\/\/www.boloprogram.org\/wp-content\/uploads\/2020\/05\/logo_fr.png\",\"contentUrl\":\"https:\/\/www.boloprogram.org\/wp-content\/uploads\/2020\/05\/logo_fr.png\",\"width\":627,\"height\":162,\"caption\":\"Bolo Program\"},\"image\":{\"@id\":\"https:\/\/www.boloprogram.org\/#\/schema\/logo\/image\/\"},\"sameAs\":[\"https:\/\/www.facebook.com\/Boloprogram\/\",\"https:\/\/x.com\/boloprogram\"]}]}<\/script>\n<!-- \/ Yoast SEO Premium plugin. -->","yoast_head_json":{"title":"Suspects recherch\u00e9s - Programme Bolo","robots":{"index":"index","follow":"follow","max-snippet":"max-snippet:-1","max-image-preview":"max-image-preview:large","max-video-preview":"max-video-preview:-1"},"canonical":"https:\/\/www.boloprogram.org\/fr\/","og_locale":"fr_FR","og_type":"article","og_title":"Suspects recherch\u00e9s","og_description":"LES 25 FUGITIFS LES PLUS RECHERCH\u00c9S AU CANADA Le Programme Bolo est une initiative sans pr\u00e9c\u00e9dent qui tire parti des r\u00e9seaux sociaux, de la technologie et de nouveaux types d\u2019engagement pour encourager les citoyens comme vous \u00e0 garder l\u2019\u0153il ouvert pour les suspects les plus recherch\u00e9s au Canada.&nbsp;Plus d\u2019infos ***Toutes les r\u00e9compenses du Programme Bolo [&hellip;]","og_url":"https:\/\/www.boloprogram.org\/fr\/","og_site_name":"Bolo Program","article_publisher":"https:\/\/www.facebook.com\/Boloprogram\/","article_modified_time":"2025-02-06T15:56:34+00:00","twitter_card":"summary_large_image","twitter_site":"@boloprogram","schema":{"@context":"https:\/\/schema.org","@graph":[{"@type":"WebPage","@id":"https:\/\/www.boloprogram.org\/fr\/","url":"https:\/\/www.boloprogram.org\/fr\/","name":"Suspects recherch\u00e9s - Programme Bolo","isPartOf":{"@id":"https:\/\/www.boloprogram.org\/#website"},"datePublished":"2019-11-18T03:50:18+00:00","dateModified":"2025-02-06T15:56:34+00:00","breadcrumb":{"@id":"https:\/\/www.boloprogram.org\/fr\/#breadcrumb"},"inLanguage":"fr-FR","potentialAction":[{"@type":"ReadAction","target":["https:\/\/www.boloprogram.org\/fr\/"]}]},{"@type":"BreadcrumbList","@id":"https:\/\/www.boloprogram.org\/fr\/#breadcrumb","itemListElement":[{"@type":"ListItem","position":1,"name":"Home","item":"https:\/\/www.boloprogram.org\/fr\/"},{"@type":"ListItem","position":2,"name":"Suspects recherch\u00e9s"}]},{"@type":"WebSite","@id":"https:\/\/www.boloprogram.org\/#website","url":"https:\/\/www.boloprogram.org\/","name":"Bolo Program","description":"Finding Canada&#039;s Most Wanted","publisher":{"@id":"https:\/\/www.boloprogram.org\/#organization"},"potentialAction":[{"@type":"SearchAction","target":{"@type":"EntryPoint","urlTemplate":"https:\/\/www.boloprogram.org\/?s={search_term_string}"},"query-input":{"@type":"PropertyValueSpecification","valueRequired":true,"valueName":"search_term_string"}}],"inLanguage":"fr-FR"},{"@type":"Organization","@id":"https:\/\/www.boloprogram.org\/#organization","name":"Bolo Program","url":"https:\/\/www.boloprogram.org\/","logo":{"@type":"ImageObject","inLanguage":"fr-FR","@id":"https:\/\/www.boloprogram.org\/#\/schema\/logo\/image\/","url":"https:\/\/www.boloprogram.org\/wp-content\/uploads\/2020\/05\/logo_fr.png","contentUrl":"https:\/\/www.boloprogram.org\/wp-content\/uploads\/2020\/05\/logo_fr.png","width":627,"height":162,"caption":"Bolo Program"},"image":{"@id":"https:\/\/www.boloprogram.org\/#\/schema\/logo\/image\/"},"sameAs":["https:\/\/www.facebook.com\/Boloprogram\/","https:\/\/x.com\/boloprogram"]}]}},"_links":{"self":[{"href":"https:\/\/programmebolo.org\/fr\/wp-json\/wp\/v2\/pages\/231","targetHints":{"allow":["GET"]}}],"collection":[{"href":"https:\/\/programmebolo.org\/fr\/wp-json\/wp\/v2\/pages"}],"about":[{"href":"https:\/\/programmebolo.org\/fr\/wp-json\/wp\/v2\/types\/page"}],"author":[{"embeddable":true,"href":"https:\/\/programmebolo.org\/fr\/wp-json\/wp\/v2\/users\/1"}],"replies":[{"embeddable":true,"href":"https:\/\/programmebolo.org\/fr\/wp-json\/wp\/v2\/comments?post=231"}],"version-history":[{"count":37,"href":"https:\/\/programmebolo.org\/fr\/wp-json\/wp\/v2\/pages\/231\/revisions"}],"predecessor-version":[{"id":7727,"href":"https:\/\/programmebolo.org\/fr\/wp-json\/wp\/v2\/pages\/231\/revisions\/7727"}],"wp:attachment":[{"href":"https:\/\/programmebolo.org\/fr\/wp-json\/wp\/v2\/media?parent=231"}],"curies":[{"name":"wp","href":"https:\/\/api.w.org\/{rel}","templated":true}]}}