{"id":509,"date":"2019-11-20T19:14:14","date_gmt":"2019-11-21T00:14:14","guid":{"rendered":"https:\/\/bolo.cplepage.com\/?page_id=509"},"modified":"2023-01-30T15:17:25","modified_gmt":"2023-01-30T20:17:25","slug":"inscription","status":"publish","type":"page","link":"https:\/\/programmebolo.org\/fr\/inscription\/","title":{"rendered":"Inscription"},"content":{"rendered":"\n<h1 class=\"has-text-align-center wp-block-heading\">Inscription confirm\u00e9e<\/h1>\n\n\n\n<h4 class=\"has-text-align-center wp-block-heading\">Votre inscription \u00e0 notre infolettre est confirm\u00e9e.<\/h4>\n\n\n\n<h4 class=\"has-text-align-center wp-block-heading\">Merci de nous suivre!<\/h4>\n\n\n\n<p class=\"has-text-align-center\">Programme Bolo<br>3030, boul. Le Carrefour<br>Bureau 1002<br>Laval (Qu\u00e9bec) H7T 2P5<br>Canada<\/p>\n\n\n\n<div class=\"wp-block-button aligncenter\"><a class=\"wp-block-button__link has-background wp-element-button\" href=\"https:\/\/boloprogram.org\/fr\/\" style=\"background-color:#ee2737\">Retournez \u00e0 la page d&rsquo;accueil <\/a><\/div>\n","protected":false},"excerpt":{"rendered":"<p>Inscription confirm\u00e9e Votre inscription \u00e0 notre infolettre est confirm\u00e9e. Merci de nous suivre! Programme Bolo3030, boul. Le CarrefourBureau 1002Laval (Qu\u00e9bec) H7T 2P5Canada<\/p>\n","protected":false},"author":3,"featured_media":0,"parent":0,"menu_order":0,"comment_status":"closed","ping_status":"closed","template":"","meta":{"_acf_changed":false,"footnotes":""},"class_list":["post-509","page","type-page","status-publish","hentry"],"acf":[],"yoast_head":"<!-- This site is optimized with the Yoast SEO Premium plugin v26.1 (Yoast SEO v27.2) - https:\/\/yoast.com\/product\/yoast-seo-premium-wordpress\/ -->\n<title>Inscription - Programme Bolo<\/title>\n<meta name=\"robots\" content=\"index, follow, max-snippet:-1, max-image-preview:large, max-video-preview:-1\" \/>\n<link rel=\"canonical\" href=\"https:\/\/www.boloprogram.org\/fr\/inscription\/\" \/>\n<meta property=\"og:locale\" content=\"fr_FR\" \/>\n<meta property=\"og:type\" content=\"article\" \/>\n<meta property=\"og:title\" content=\"Inscription\" \/>\n<meta property=\"og:description\" content=\"Inscription confirm\u00e9e Votre inscription \u00e0 notre infolettre est confirm\u00e9e. Merci de nous suivre! Programme Bolo3030, boul. Le CarrefourBureau 1002Laval (Qu\u00e9bec) H7T 2P5Canada\" \/>\n<meta property=\"og:url\" content=\"https:\/\/www.boloprogram.org\/fr\/inscription\/\" \/>\n<meta property=\"og:site_name\" content=\"Bolo Program\" \/>\n<meta property=\"article:publisher\" content=\"https:\/\/www.facebook.com\/Boloprogram\/\" \/>\n<meta property=\"article:modified_time\" content=\"2023-01-30T20:17:25+00:00\" \/>\n<meta name=\"twitter:card\" content=\"summary_large_image\" \/>\n<meta name=\"twitter:site\" content=\"@boloprogram\" \/>\n<script type=\"application\/ld+json\" class=\"yoast-schema-graph\">{\"@context\":\"https:\/\/schema.org\",\"@graph\":[{\"@type\":\"WebPage\",\"@id\":\"https:\/\/www.boloprogram.org\/fr\/inscription\/\",\"url\":\"https:\/\/www.boloprogram.org\/fr\/inscription\/\",\"name\":\"Inscription - Programme Bolo\",\"isPartOf\":{\"@id\":\"https:\/\/www.boloprogram.org\/#website\"},\"datePublished\":\"2019-11-21T00:14:14+00:00\",\"dateModified\":\"2023-01-30T20:17:25+00:00\",\"breadcrumb\":{\"@id\":\"https:\/\/www.boloprogram.org\/fr\/inscription\/#breadcrumb\"},\"inLanguage\":\"fr-FR\",\"potentialAction\":[{\"@type\":\"ReadAction\",\"target\":[\"https:\/\/www.boloprogram.org\/fr\/inscription\/\"]}]},{\"@type\":\"BreadcrumbList\",\"@id\":\"https:\/\/www.boloprogram.org\/fr\/inscription\/#breadcrumb\",\"itemListElement\":[{\"@type\":\"ListItem\",\"position\":1,\"name\":\"Home\",\"item\":\"https:\/\/www.boloprogram.org\/fr\/\"},{\"@type\":\"ListItem\",\"position\":2,\"name\":\"Inscription\"}]},{\"@type\":\"WebSite\",\"@id\":\"https:\/\/www.boloprogram.org\/#website\",\"url\":\"https:\/\/www.boloprogram.org\/\",\"name\":\"Bolo Program\",\"description\":\"Finding Canada&#039;s Most Wanted\",\"publisher\":{\"@id\":\"https:\/\/www.boloprogram.org\/#organization\"},\"potentialAction\":[{\"@type\":\"SearchAction\",\"target\":{\"@type\":\"EntryPoint\",\"urlTemplate\":\"https:\/\/www.boloprogram.org\/?s={search_term_string}\"},\"query-input\":{\"@type\":\"PropertyValueSpecification\",\"valueRequired\":true,\"valueName\":\"search_term_string\"}}],\"inLanguage\":\"fr-FR\"},{\"@type\":\"Organization\",\"@id\":\"https:\/\/www.boloprogram.org\/#organization\",\"name\":\"Bolo Program\",\"url\":\"https:\/\/www.boloprogram.org\/\",\"logo\":{\"@type\":\"ImageObject\",\"inLanguage\":\"fr-FR\",\"@id\":\"https:\/\/www.boloprogram.org\/#\/schema\/logo\/image\/\",\"url\":\"https:\/\/www.boloprogram.org\/wp-content\/uploads\/2020\/05\/logo_fr.png\",\"contentUrl\":\"https:\/\/www.boloprogram.org\/wp-content\/uploads\/2020\/05\/logo_fr.png\",\"width\":627,\"height\":162,\"caption\":\"Bolo Program\"},\"image\":{\"@id\":\"https:\/\/www.boloprogram.org\/#\/schema\/logo\/image\/\"},\"sameAs\":[\"https:\/\/www.facebook.com\/Boloprogram\/\",\"https:\/\/x.com\/boloprogram\"]}]}<\/script>\n<!-- \/ Yoast SEO Premium plugin. -->","yoast_head_json":{"title":"Inscription - Programme Bolo","robots":{"index":"index","follow":"follow","max-snippet":"max-snippet:-1","max-image-preview":"max-image-preview:large","max-video-preview":"max-video-preview:-1"},"canonical":"https:\/\/www.boloprogram.org\/fr\/inscription\/","og_locale":"fr_FR","og_type":"article","og_title":"Inscription","og_description":"Inscription confirm\u00e9e Votre inscription \u00e0 notre infolettre est confirm\u00e9e. Merci de nous suivre! Programme Bolo3030, boul. Le CarrefourBureau 1002Laval (Qu\u00e9bec) H7T 2P5Canada","og_url":"https:\/\/www.boloprogram.org\/fr\/inscription\/","og_site_name":"Bolo Program","article_publisher":"https:\/\/www.facebook.com\/Boloprogram\/","article_modified_time":"2023-01-30T20:17:25+00:00","twitter_card":"summary_large_image","twitter_site":"@boloprogram","schema":{"@context":"https:\/\/schema.org","@graph":[{"@type":"WebPage","@id":"https:\/\/www.boloprogram.org\/fr\/inscription\/","url":"https:\/\/www.boloprogram.org\/fr\/inscription\/","name":"Inscription - Programme Bolo","isPartOf":{"@id":"https:\/\/www.boloprogram.org\/#website"},"datePublished":"2019-11-21T00:14:14+00:00","dateModified":"2023-01-30T20:17:25+00:00","breadcrumb":{"@id":"https:\/\/www.boloprogram.org\/fr\/inscription\/#breadcrumb"},"inLanguage":"fr-FR","potentialAction":[{"@type":"ReadAction","target":["https:\/\/www.boloprogram.org\/fr\/inscription\/"]}]},{"@type":"BreadcrumbList","@id":"https:\/\/www.boloprogram.org\/fr\/inscription\/#breadcrumb","itemListElement":[{"@type":"ListItem","position":1,"name":"Home","item":"https:\/\/www.boloprogram.org\/fr\/"},{"@type":"ListItem","position":2,"name":"Inscription"}]},{"@type":"WebSite","@id":"https:\/\/www.boloprogram.org\/#website","url":"https:\/\/www.boloprogram.org\/","name":"Bolo Program","description":"Finding Canada&#039;s Most Wanted","publisher":{"@id":"https:\/\/www.boloprogram.org\/#organization"},"potentialAction":[{"@type":"SearchAction","target":{"@type":"EntryPoint","urlTemplate":"https:\/\/www.boloprogram.org\/?s={search_term_string}"},"query-input":{"@type":"PropertyValueSpecification","valueRequired":true,"valueName":"search_term_string"}}],"inLanguage":"fr-FR"},{"@type":"Organization","@id":"https:\/\/www.boloprogram.org\/#organization","name":"Bolo Program","url":"https:\/\/www.boloprogram.org\/","logo":{"@type":"ImageObject","inLanguage":"fr-FR","@id":"https:\/\/www.boloprogram.org\/#\/schema\/logo\/image\/","url":"https:\/\/www.boloprogram.org\/wp-content\/uploads\/2020\/05\/logo_fr.png","contentUrl":"https:\/\/www.boloprogram.org\/wp-content\/uploads\/2020\/05\/logo_fr.png","width":627,"height":162,"caption":"Bolo Program"},"image":{"@id":"https:\/\/www.boloprogram.org\/#\/schema\/logo\/image\/"},"sameAs":["https:\/\/www.facebook.com\/Boloprogram\/","https:\/\/x.com\/boloprogram"]}]}},"_links":{"self":[{"href":"https:\/\/programmebolo.org\/fr\/wp-json\/wp\/v2\/pages\/509","targetHints":{"allow":["GET"]}}],"collection":[{"href":"https:\/\/programmebolo.org\/fr\/wp-json\/wp\/v2\/pages"}],"about":[{"href":"https:\/\/programmebolo.org\/fr\/wp-json\/wp\/v2\/types\/page"}],"author":[{"embeddable":true,"href":"https:\/\/programmebolo.org\/fr\/wp-json\/wp\/v2\/users\/3"}],"replies":[{"embeddable":true,"href":"https:\/\/programmebolo.org\/fr\/wp-json\/wp\/v2\/comments?post=509"}],"version-history":[{"count":3,"href":"https:\/\/programmebolo.org\/fr\/wp-json\/wp\/v2\/pages\/509\/revisions"}],"predecessor-version":[{"id":4702,"href":"https:\/\/programmebolo.org\/fr\/wp-json\/wp\/v2\/pages\/509\/revisions\/4702"}],"wp:attachment":[{"href":"https:\/\/programmebolo.org\/fr\/wp-json\/wp\/v2\/media?parent=509"}],"curies":[{"name":"wp","href":"https:\/\/api.w.org\/{rel}","templated":true}]}}